{"id":1277,"date":"2025-01-14T08:37:54","date_gmt":"2025-01-14T08:37:54","guid":{"rendered":"https:\/\/urlap.etszk.u-szeged.hu\/?page_id=1277"},"modified":"2025-01-31T07:24:43","modified_gmt":"2025-01-31T07:24:43","slug":"kari-nyilt-nap-2025-februar-1","status":"publish","type":"page","link":"https:\/\/urlap.etszk.u-szeged.hu\/index.php\/kari-nyilt-nap-2025-februar-1\/","title":{"rendered":"Kari ny\u00edlt nap 2025. febru\u00e1r 1."},"content":{"rendered":"\t\t<div data-elementor-type=\"wp-page\" data-elementor-id=\"1277\" class=\"elementor elementor-1277\" data-elementor-settings=\"[]\">\n\t\t\t\t\t\t\t<div class=\"elementor-section-wrap\">\n\t\t\t\t\t\t\t<section class=\"elementor-section elementor-top-section elementor-element elementor-element-c17ce19 elementor-section-boxed elementor-section-height-default elementor-section-height-default\" data-id=\"c17ce19\" data-element_type=\"section\">\n\t\t\t\t\t\t<div class=\"elementor-container elementor-column-gap-default\">\n\t\t\t\t\t<div class=\"elementor-column elementor-col-100 elementor-top-column elementor-element elementor-element-718bfea\" data-id=\"718bfea\" data-element_type=\"column\">\n\t\t\t<div class=\"elementor-widget-wrap elementor-element-populated\">\n\t\t\t\t\t\t\t\t<div class=\"elementor-element elementor-element-68d627b elementor-widget elementor-widget-text-editor\" data-id=\"68d627b\" data-element_type=\"widget\" data-widget_type=\"text-editor.default\">\n\t\t\t\t<div class=\"elementor-widget-container\">\n\t\t\t\t\t\t\t\t<p>Ha hivat\u00e1st keresel, \u00e9s nem egyszer\u0171en csak szakm\u00e1t, akkor gyere el a ny\u00edlt napunkra, \u00e9s ismerd meg az \u00e1pol\u00f3k, v\u00e9d\u0151n\u0151k, gy\u00f3gytorn\u00e1szok, szoci\u00e1lis munk\u00e1sok, ment\u0151tisztek, sz\u00fcl\u00e9szn\u0151k, dent\u00e1lhigi\u00e9nikusok \u00e9s eg\u00e9szs\u00e9g\u00fcgyi menedzserek vil\u00e1g\u00e1t!<\/p><p>H\u0151s\u00f6kre most van sz\u00fcks\u00e9g, szeretettel \u00e9s sok-sok programmal v\u00e1runk!<\/p><p><strong>Regisztr\u00e1ci\u00f3 el\u0151tt olvasd el!<\/strong><\/p><ul><li><b>A szakos t\u00e1j\u00e9koztat\u00f3k \u00e9s az anat\u00f3miai asztal bemutat\u00f3ja regisztr\u00e1ci\u00f3hoz k\u00f6t\u00f6ttek!<\/b><\/li><li><strong>Ha k\u00eds\u00e9r\u0151vel (sz\u00fcl\u0151vel) \u00fclsz be az adott el\u0151ad\u00e1sra, k\u00e9rj\u00fck \u0151t is regisztr\u00e1ld,<\/strong>\u00a0mivel \u00edgy tudunk a szabad helyekkel kalkul\u00e1lni. Ez esetben a regisztr\u00e1ci\u00f3 t\u00edpus\u00e1n\u00e1l add meg a \u201ck\u00eds\u00e9r\u0151\u201d opci\u00f3t! (Ha a ny\u00edlt napra elk\u00eds\u00e9r a sz\u00fcl\u0151, de az el\u0151ad\u00e1sra nem, akkor nem sz\u00fcks\u00e9ges \u0151t is regisztr\u00e1lnod.)<\/li><li>Az el\u0151ad\u00e1sok 9 vagy 10 \u00f3rakor kezd\u0151dnek, ak\u00e1r k\u00e9t k\u00e9pz\u00e9s t\u00e1j\u00e9koztat\u00f3j\u00e1ra is be\u00fclhetsz (kiv\u00e9ve a p\u00e1rhuzamosan fut\u00f3 el\u0151ad\u00e1sokat), ez esetben k\u00e9rj\u00fck mindegyikre k\u00fcl\u00f6n regisztr\u00e1lj! (A sz\u00fcl\u00e9szn\u0151, ment\u0151tiszt, \u00e1pol\u00f3 program kicsit hosszabb egy \u00f3r\u00e1n\u00e1l.)<\/li><li>K\u00e9rj\u00fck csak arra az el\u0151ad\u00e1sra jelentkezz, amelyen val\u00f3ban r\u00e9szt is veszel, teh\u00e1t ne regisztr\u00e1lj t\u00f6bb p\u00e1rhuzamosan fut\u00f3 szakos t\u00e1j\u00e9koztat\u00f3ra, mert a f\u00e9r\u0151helyek sz\u00e1ma limit\u00e1lt, \u00edgy m\u00e1st\u00f3l veszed el a jelentkez\u00e9s lehet\u0151s\u00e9g\u00e9t.<\/li><li>8:45-kor egy k\u00f6sz\u00f6nt\u0151t is tartunk, melyen a r\u00e9szv\u00e9tel nem k\u00f6telez\u0151.<\/li><li>A regisztr\u00e1ci\u00f3 sikeress\u00e9g\u00e9r\u0151l visszaigazol\u00f3 e-mail k\u00fcld\u00fcnk. K\u00e9rd\u00e9s eset\u00e9n keress minket az al\u00e1bbi e-mail c\u00edmen: <a href=\"mailto:kisfoldi.diana@szte.hu\">kisfoldi.diana[kukac]szte.hu<\/a><\/li><\/ul><p><strong>Regisztr\u00e1ci\u00f3 hat\u00e1rideje: 2025. janu\u00e1r. 31. 7:00<\/strong><\/p><p>\u2013 \u2013 \u2013 \u2013 \u2013 \u2013 \u2013 \u2013 \u2013 \u2013 \u2013 \u2013 \u2013 \u2013 \u2013 \u2013 \u2013 \u2013 \u2013 \u2013 \u2013 \u2013 \u2013 \u2013 \u2013 \u2013 \u2013 \u2013<\/p>\t\t\t\t\t\t<\/div>\n\t\t\t\t<\/div>\n\t\t\t\t\t<\/div>\n\t\t<\/div>\n\t\t\t\t\t\t\t<\/div>\n\t\t<\/section>\n\t\t\t\t<section class=\"elementor-section elementor-top-section elementor-element elementor-element-2a435d8 elementor-section-boxed elementor-section-height-default elementor-section-height-default\" data-id=\"2a435d8\" data-element_type=\"section\">\n\t\t\t\t\t\t<div class=\"elementor-container elementor-column-gap-default\">\n\t\t\t\t\t<div class=\"elementor-column elementor-col-100 elementor-top-column elementor-element elementor-element-3f641e4\" data-id=\"3f641e4\" data-element_type=\"column\">\n\t\t\t<div class=\"elementor-widget-wrap elementor-element-populated\">\n\t\t\t\t\t\t\t\t<div class=\"elementor-element elementor-element-4594709 elementor-widget elementor-widget-text-editor\" data-id=\"4594709\" data-element_type=\"widget\" data-widget_type=\"text-editor.default\">\n\t\t\t\t<div class=\"elementor-widget-container\">\n\t\t\t\t\t\t\t\t\t\t\t\t\t\t<\/div>\n\t\t\t\t<\/div>\n\t\t\t\t<div class=\"elementor-element elementor-element-d766778 elementor-widget elementor-widget-text-editor\" data-id=\"d766778\" data-element_type=\"widget\" data-widget_type=\"text-editor.default\">\n\t\t\t\t<div class=\"elementor-widget-container\">\n\t\t\t\t\t\t\t\t<p><strong>9:00 -12:00 \u2013 standok (f\u00f6ldszint) &#8211; regisztr\u00e1ci\u00f3 n\u00e9lk\u00fcli programok<\/strong><\/p><p><strong>TANOSZ (TANULM\u00c1NYI \u00c9S OKTAT\u00c1SSZERVEZ\u00c9SI IRODA)<\/strong><\/p><p>K\u00e9rd\u00e9sed van a 2025-\u00f6s felv\u00e9teli elj\u00e1r\u00e1ssal kapcsolatban? Mi seg\u00edt\u00fcnk!<\/p><p><strong>HALLGAT\u00d3I STAND<\/strong><\/p><p>Ismerd meg az ETSZK-n zajl\u00f3 hallgat\u00f3i \u00e9letet, besz\u00e9lgess k\u00f6tetlen\u00fcl hallgat\u00f3inkkal!<\/p><p><strong>E\u00d6TV\u00d6S L\u00d3R\u00c1ND KOLL\u00c9GIUM<br \/><\/strong><\/p><p>A jelentkez\u00e9sr\u0151l, a beker\u00fcl\u00e9s felt\u00e9teleir\u0151l tudhatsz meg t\u00f6bb inform\u00e1ci\u00f3t a koll\u00e9gium k\u00e9pvisel\u0151it\u0151l.<\/p>\t\t\t\t\t\t<\/div>\n\t\t\t\t<\/div>\n\t\t\t\t\t<\/div>\n\t\t<\/div>\n\t\t\t\t\t\t\t<\/div>\n\t\t<\/section>\n\t\t\t\t\t\t<\/div>\n\t\t\t\t\t<\/div>\n\t\t","protected":false},"excerpt":{"rendered":"<p>Ha hivat\u00e1st keresel, \u00e9s nem egyszer\u0171en csak szakm\u00e1t, akkor gyere el a ny\u00edlt napunkra, \u00e9s ismerd meg az \u00e1pol\u00f3k, v\u00e9d\u0151n\u0151k, gy\u00f3gytorn\u00e1szok, szoci\u00e1lis munk\u00e1sok, ment\u0151tisztek, sz\u00fcl\u00e9szn\u0151k, dent\u00e1lhigi\u00e9nikusok \u00e9s eg\u00e9szs\u00e9g\u00fcgyi menedzserek vil\u00e1g\u00e1t! H\u0151s\u00f6kre most van sz\u00fcks\u00e9g, szeretettel \u00e9s sok-sok programmal v\u00e1runk! Regisztr\u00e1ci\u00f3 el\u0151tt olvasd el! A szakos t\u00e1j\u00e9koztat\u00f3k \u00e9s az anat\u00f3miai asztal bemutat\u00f3ja regisztr\u00e1ci\u00f3hoz k\u00f6t\u00f6ttek! Ha k\u00eds\u00e9r\u0151vel &hellip; <\/p>\n","protected":false},"author":1,"featured_media":0,"parent":0,"menu_order":0,"comment_status":"closed","ping_status":"closed","template":"","meta":[],"_links":{"self":[{"href":"https:\/\/urlap.etszk.u-szeged.hu\/index.php\/wp-json\/wp\/v2\/pages\/1277"}],"collection":[{"href":"https:\/\/urlap.etszk.u-szeged.hu\/index.php\/wp-json\/wp\/v2\/pages"}],"about":[{"href":"https:\/\/urlap.etszk.u-szeged.hu\/index.php\/wp-json\/wp\/v2\/types\/page"}],"author":[{"embeddable":true,"href":"https:\/\/urlap.etszk.u-szeged.hu\/index.php\/wp-json\/wp\/v2\/users\/1"}],"replies":[{"embeddable":true,"href":"https:\/\/urlap.etszk.u-szeged.hu\/index.php\/wp-json\/wp\/v2\/comments?post=1277"}],"version-history":[{"count":79,"href":"https:\/\/urlap.etszk.u-szeged.hu\/index.php\/wp-json\/wp\/v2\/pages\/1277\/revisions"}],"predecessor-version":[{"id":1394,"href":"https:\/\/urlap.etszk.u-szeged.hu\/index.php\/wp-json\/wp\/v2\/pages\/1277\/revisions\/1394"}],"wp:attachment":[{"href":"https:\/\/urlap.etszk.u-szeged.hu\/index.php\/wp-json\/wp\/v2\/media?parent=1277"}],"curies":[{"name":"wp","href":"https:\/\/api.w.org\/{rel}","templated":true}]}}